{"id":613,"date":"2026-01-27T10:19:43","date_gmt":"2026-01-27T10:19:43","guid":{"rendered":"https:\/\/buda-oriental-massage.hu\/?page_id=613"},"modified":"2026-03-13T06:16:43","modified_gmt":"2026-03-13T06:16:43","slug":"therapists","status":"publish","type":"page","link":"https:\/\/buda-oriental-massage.hu\/en\/masszoreink\/","title":{"rendered":"Therapists"},"content":{"rendered":"<div data-elementor-type=\"wp-page\" data-elementor-id=\"613\" class=\"elementor elementor-613\" data-elementor-post-type=\"page\">\n\t\t\t\t<div class=\"elementor-element elementor-element-73695c6c e-flex e-con-boxed e-con e-parent\" data-id=\"73695c6c\" data-element_type=\"container\" data-e-type=\"container\">\n\t\t\t\t\t<div class=\"e-con-inner\">\n\t\t\t\t<div class=\"elementor-element elementor-element-6328f8b elementor-widget__width-initial elementor-widget elementor-widget-text-editor\" data-id=\"6328f8b\" data-element_type=\"widget\" data-e-type=\"widget\" data-widget_type=\"text-editor.default\">\n\t\t\t\t\t\t\t\t\t<p class=\"translation-block\">On this page, you can get to know the therapists of <strong>Buda Oriental<\/strong>, each with extensive experience in various Eastern and traditional massage techniques. Our therapists bring their own personality, professional approach, and technical strengths to ensure that every treatment is a personalized and harmonious experience.<\/p><p>These introductions help you choose the therapist whose style and presence best match your needs.<\/p>\t\t\t\t\t\t\t\t<\/div>\n\t\t\t\t<div class=\"elementor-element elementor-element-488c0e7f elementor-cta--layout-image-left elementor-cta--mobile-layout-image-above elementor-cta--skin-classic elementor-animated-content elementor-bg-transform elementor-bg-transform-zoom-in elementor-widget elementor-widget-call-to-action\" data-id=\"488c0e7f\" data-element_type=\"widget\" data-e-type=\"widget\" data-widget_type=\"call-to-action.default\">\n\t\t\t\t\t\t\t<div class=\"elementor-cta\">\n\t\t\t\t\t<div class=\"elementor-cta__bg-wrapper\">\n\t\t\t\t<div class=\"elementor-cta__bg elementor-bg\" style=\"background-image: url(https:\/\/buda-oriental-massage.hu\/wp-content\/uploads\/2026\/01\/yumi.jpg);\" role=\"img\" aria-label=\"Yumi\"><\/div>\n\t\t\t\t<div class=\"elementor-cta__bg-overlay\"><\/div>\n\t\t\t<\/div>\n\t\t\t\t\t\t\t<div class=\"elementor-cta__content\">\n\t\t\t\t\n\t\t\t\t\t\t\t\t\t<h2 class=\"elementor-cta__title elementor-cta__content-item elementor-content-item\">\n\t\t\t\t\t\tYumi\t\t\t\t\t<\/h2>\n\t\t\t\t\n\t\t\t\t\t\t\t\t\t<span class=\"elementor-cta__description elementor-cta__content-item elementor-content-item\">\n\t\t\t\t\t\tYumi, a Filipino therapist, skillfully combines classical massage techniques with effective stretching, creating treatments that both relax and refresh the body. She has a remarkable ability to gently mobilize the body, seamlessly incorporating stretching into every session. Guests especially appreciate her warm, calming presence, as well as the genuine care and attention she brings to each treatment.\t\t\t\t\t<\/span>\n\t\t\t\t\n\t\t\t\t\t\t\t\t\t<div class=\"elementor-cta__button-wrapper elementor-cta__content-item elementor-content-item\">\n\t\t\t\t\t<a class=\"elementor-cta__button elementor-button elementor-size-\" href=\"https:\/\/buda-oriental-massage.hu\/en\/book-an-appointment\/\">\n\t\t\t\t\t\tBook an Appointment\t\t\t\t\t<\/a>\n\t\t\t\t\t<\/div>\n\t\t\t\t\t\t\t<\/div>\n\t\t\t\t\t\t<\/div>\n\t\t\t\t\t\t<\/div>\n\t\t\t\t<div class=\"elementor-element elementor-element-346e80fd elementor-widget-divider--view-line_icon elementor-view-default elementor-widget-divider--element-align-center elementor-widget elementor-widget-divider\" data-id=\"346e80fd\" data-element_type=\"widget\" data-e-type=\"widget\" data-widget_type=\"divider.default\">\n\t\t\t\t\t\t\t<div class=\"elementor-divider\">\n\t\t\t<span class=\"elementor-divider-separator\">\n\t\t\t\t\t\t\t<div class=\"elementor-icon elementor-divider__element\">\n\t\t\t\t\t<i aria-hidden=\"true\" class=\"icon icon-meditation\"><\/i><\/div>\n\t\t\t\t\t\t<\/span>\n\t\t<\/div>\n\t\t\t\t\t\t<\/div>\n\t\t\t\t<div class=\"elementor-element elementor-element-3ee4340f elementor-cta--layout-image-right elementor-cta--mobile-layout-image-above elementor-cta--skin-classic elementor-animated-content elementor-bg-transform elementor-bg-transform-zoom-in elementor-widget elementor-widget-call-to-action\" data-id=\"3ee4340f\" data-element_type=\"widget\" data-e-type=\"widget\" data-widget_type=\"call-to-action.default\">\n\t\t\t\t\t\t\t<div class=\"elementor-cta\">\n\t\t\t\t\t<div class=\"elementor-cta__bg-wrapper\">\n\t\t\t\t<div class=\"elementor-cta__bg elementor-bg\" style=\"background-image: url(https:\/\/buda-oriental-massage.hu\/wp-content\/uploads\/2026\/03\/pet.jpg);\" role=\"img\" aria-label=\"Pet massz\u0151r\"><\/div>\n\t\t\t\t<div class=\"elementor-cta__bg-overlay\"><\/div>\n\t\t\t<\/div>\n\t\t\t\t\t\t\t<div class=\"elementor-cta__content\">\n\t\t\t\t\n\t\t\t\t\t\t\t\t\t<h2 class=\"elementor-cta__title elementor-cta__content-item elementor-content-item\">\n\t\t\t\t\t\tPet\t\t\t\t\t<\/h2>\n\t\t\t\t\n\t\t\t\t\t\t\t\t\t<span class=\"elementor-cta__description elementor-cta__content-item elementor-content-item\">\n\t\t\t\t\t\tPet has been working in Hungary for many years and has gained extensive experience in massage over time. He has a deep understanding of his clients\u2019 needs and always strives to ensure that everyone leaves feeling refreshed and recharged.\n\nIf you\u2019re looking for a truly attentive and experienced therapist, Pet\u2019s treatments are well worth trying. We look forward to welcoming you!\t\t\t\t\t<\/span>\n\t\t\t\t\n\t\t\t\t\t\t\t\t\t<div class=\"elementor-cta__button-wrapper elementor-cta__content-item elementor-content-item\">\n\t\t\t\t\t<a class=\"elementor-cta__button elementor-button elementor-size-\" href=\"https:\/\/buda-oriental-massage.hu\/en\/book-an-appointment\/\">\n\t\t\t\t\t\tBook an Appointment\t\t\t\t\t<\/a>\n\t\t\t\t\t<\/div>\n\t\t\t\t\t\t\t<\/div>\n\t\t\t\t\t\t<\/div>\n\t\t\t\t\t\t<\/div>\n\t\t\t\t<div class=\"elementor-element elementor-element-9990385 elementor-widget-divider--view-line_icon elementor-view-default elementor-widget-divider--element-align-center elementor-widget elementor-widget-divider\" data-id=\"9990385\" data-element_type=\"widget\" data-e-type=\"widget\" data-widget_type=\"divider.default\">\n\t\t\t\t\t\t\t<div class=\"elementor-divider\">\n\t\t\t<span class=\"elementor-divider-separator\">\n\t\t\t\t\t\t\t<div class=\"elementor-icon elementor-divider__element\">\n\t\t\t\t\t<i aria-hidden=\"true\" class=\"icon icon-meditation\"><\/i><\/div>\n\t\t\t\t\t\t<\/span>\n\t\t<\/div>\n\t\t\t\t\t\t<\/div>\n\t\t\t\t<div class=\"elementor-element elementor-element-bb70784 elementor-cta--layout-image-left elementor-cta--mobile-layout-image-above elementor-cta--skin-classic elementor-animated-content elementor-bg-transform elementor-bg-transform-zoom-in elementor-widget elementor-widget-call-to-action\" data-id=\"bb70784\" data-element_type=\"widget\" data-e-type=\"widget\" data-widget_type=\"call-to-action.default\">\n\t\t\t\t\t\t\t<div class=\"elementor-cta\">\n\t\t\t\t\t<div class=\"elementor-cta__bg-wrapper\">\n\t\t\t\t<div class=\"elementor-cta__bg elementor-bg\" style=\"background-image: url(https:\/\/buda-oriental-massage.hu\/wp-content\/uploads\/2026\/03\/hannah.jpg);\" role=\"img\" aria-label=\"Hannah massz\u0151r\"><\/div>\n\t\t\t\t<div class=\"elementor-cta__bg-overlay\"><\/div>\n\t\t\t<\/div>\n\t\t\t\t\t\t\t<div class=\"elementor-cta__content\">\n\t\t\t\t\n\t\t\t\t\t\t\t\t\t<h2 class=\"elementor-cta__title elementor-cta__content-item elementor-content-item\">\n\t\t\t\t\t\tHannah\t\t\t\t\t<\/h2>\n\t\t\t\t\n\t\t\t\t\t\t\t\t\t<span class=\"elementor-cta__description elementor-cta__content-item elementor-content-item\">\n\t\t\t\t\t\tHannah has been living in Hungary for many years and joined us with several years of professional experience. She works with calm focus and great precision, always prioritizing that her guests feel safe and fully at ease.\n\nDuring her treatments, she gently guides the body into relaxation, attentively responding to individual needs and helping the muscles return to their natural function. Her calm presence and balanced touch create the perfect environment for deep rest.\n\nShe warmly welcomes you if you\u2019d like to experience the care of a new, attentive therapist.\t\t\t\t\t<\/span>\n\t\t\t\t\n\t\t\t\t\t\t\t\t\t<div class=\"elementor-cta__button-wrapper elementor-cta__content-item elementor-content-item\">\n\t\t\t\t\t<a class=\"elementor-cta__button elementor-button elementor-size-\" href=\"https:\/\/buda-oriental-massage.hu\/en\/book-an-appointment\/\">\n\t\t\t\t\t\tBook an Appointment\t\t\t\t\t<\/a>\n\t\t\t\t\t<\/div>\n\t\t\t\t\t\t\t<\/div>\n\t\t\t\t\t\t<\/div>\n\t\t\t\t\t\t<\/div>\n\t\t\t\t\t<\/div>\n\t\t\t\t<\/div>\n\t\t\t\t<\/div>","protected":false},"excerpt":{"rendered":"<p>Ezen az oldalon megismerheted a Buda Oriental massz\u0151reit, akik k\u00fcl\u00f6nb\u00f6z\u0151 keleti \u00e9s tradicion\u00e1lis massz\u00e1zstechnik\u00e1kban szereztek m\u00e9ly tapasztalatot. Massz\u0151reink saj\u00e1t egy\u00e9nis\u00e9g\u00fckkel, szakmai szeml\u00e9let\u00fckkel \u00e9s technikai er\u0151ss\u00e9geikkel j\u00e1rulnak hozz\u00e1 ahhoz, hogy minden kezel\u00e9s szem\u00e9lyre szabott, harmonikus \u00e9lm\u00e9nyt ny\u00fajtson. A bemutatkoz\u00e1sok seg\u00edtenek abban, hogy k\u00f6nnyebben kiv\u00e1laszd azt a massz\u0151rt, akinek st\u00edlusa \u00e9s jelenl\u00e9te legink\u00e1bb illeszkedik az ig\u00e9nyeidhez. Yumi [&hellip;]<\/p>\n","protected":false},"author":1,"featured_media":0,"parent":0,"menu_order":0,"comment_status":"closed","ping_status":"closed","template":"","meta":{"_acf_changed":false,"_seopress_robots_primary_cat":"","_seopress_titles_title":"Massz\u0151reink \u2013 Keleti massz\u00e1zs | Buda Oriental Massage","_seopress_titles_desc":"Keleti massz\u00e1zs Budapesten. Ismerkedj meg massz\u0151reinkkel \u00e9s technik\u00e1jukkal. Foglalj id\u0151pontot online!","_seopress_robots_index":"","footnotes":""},"class_list":["post-613","page","type-page","status-publish","hentry"],"acf":[],"_links":{"self":[{"href":"https:\/\/buda-oriental-massage.hu\/en\/wp-json\/wp\/v2\/pages\/613","targetHints":{"allow":["GET"]}}],"collection":[{"href":"https:\/\/buda-oriental-massage.hu\/en\/wp-json\/wp\/v2\/pages"}],"about":[{"href":"https:\/\/buda-oriental-massage.hu\/en\/wp-json\/wp\/v2\/types\/page"}],"author":[{"embeddable":true,"href":"https:\/\/buda-oriental-massage.hu\/en\/wp-json\/wp\/v2\/users\/1"}],"replies":[{"embeddable":true,"href":"https:\/\/buda-oriental-massage.hu\/en\/wp-json\/wp\/v2\/comments?post=613"}],"version-history":[{"count":11,"href":"https:\/\/buda-oriental-massage.hu\/en\/wp-json\/wp\/v2\/pages\/613\/revisions"}],"predecessor-version":[{"id":786,"href":"https:\/\/buda-oriental-massage.hu\/en\/wp-json\/wp\/v2\/pages\/613\/revisions\/786"}],"wp:attachment":[{"href":"https:\/\/buda-oriental-massage.hu\/en\/wp-json\/wp\/v2\/media?parent=613"}],"curies":[{"name":"wp","href":"https:\/\/api.w.org\/{rel}","templated":true}]}}