{"id":591,"date":"2026-01-22T07:40:18","date_gmt":"2026-01-22T07:40:18","guid":{"rendered":"https:\/\/buda-oriental-massage.hu\/?page_id=591"},"modified":"2026-01-22T07:40:18","modified_gmt":"2026-01-22T07:40:18","slug":"masszazst-kizaro-tenyezok","status":"publish","type":"page","link":"https:\/\/buda-oriental-massage.hu\/en\/masszazst-kizaro-tenyezok\/","title":{"rendered":"massz\u00e1zst kiz\u00e1r\u00f3 t\u00e9nyez\u0151k"},"content":{"rendered":"<ul class=\"wp-block-list\">\n<li>12 \u00e9ves kor alatt csak sz\u00fcl\u0151i fel\u00fcgyelettel<\/li>\n\n\n\n<li>l\u00e1z<\/li>\n\n\n\n<li>fert\u0151z\u0151 betegs\u00e9gek (n\u00e1tha is)<\/li>\n\n\n\n<li>gomb\u00e1s, fert\u0151z\u0151 b\u0151rprobl\u00e9m\u00e1k, szem\u00f6lcs\u00f6k<\/li>\n\n\n\n<li>fek\u00e9lyek, sebek<\/li>\n\n\n\n<li>terhess\u00e9g els\u0151 trimesztere, szoptat\u00e1s<\/li>\n\n\n\n<li>daganatos betegs\u00e9gek<\/li>\n\n\n\n<li>kr\u00f3nikus \u00edz\u00fcleti, vagy egy\u00e9b gyullad\u00e1sok<\/li>\n\n\n\n<li>m\u0171t\u00e9t ut\u00e1n 2 h\u00f3napig<\/li>\n\n\n\n<li>t\u00f6r\u00e9s, z\u00faz\u00f3d\u00e1s, r\u00e1ndul\u00e1s, ficam<\/li>\n\n\n\n<li>izom \u00e9s szalagszakad\u00e1s<\/li>\n\n\n\n<li>s\u00falyos csontritkul\u00e1s<\/li>\n\n\n\n<li>s\u00falyos sz\u00edvbetegs\u00e9g<\/li>\n\n\n\n<li>sz\u00edvel\u00e9gtelens\u00e9g, pacemaker<\/li>\n\n\n\n<li>kezeletlen magas v\u00e9rnyom\u00e1s<\/li>\n\n\n\n<li>dial\u00edzis alatt<\/li>\n\n\n\n<li>v\u00e9rz\u00e9kenys\u00e9g<\/li>\n\n\n\n<li>vissz\u00e9r betegs\u00e9g, tromb\u00f3zis<\/li>\n\n\n\n<li>menstru\u00e1ci\u00f3<\/li>\n\n\n\n<li>s\u00falyos ment\u00e1lis, pszich\u00e9s zavarok<\/li>\n\n\n\n<li>epilepszia<\/li>\n\n\n\n<li>s\u00falyos asztma<\/li>\n\n\n\n<li>alkoholos, drogos befoly\u00e1solts\u00e1g.<\/li>\n<\/ul>","protected":false},"excerpt":{"rendered":"","protected":false},"author":1,"featured_media":0,"parent":0,"menu_order":0,"comment_status":"closed","ping_status":"closed","template":"","meta":{"_acf_changed":false,"_seopress_robots_primary_cat":"","_seopress_titles_title":"","_seopress_titles_desc":"","_seopress_robots_index":"","footnotes":""},"class_list":["post-591","page","type-page","status-publish","hentry"],"acf":[],"_links":{"self":[{"href":"https:\/\/buda-oriental-massage.hu\/en\/wp-json\/wp\/v2\/pages\/591","targetHints":{"allow":["GET"]}}],"collection":[{"href":"https:\/\/buda-oriental-massage.hu\/en\/wp-json\/wp\/v2\/pages"}],"about":[{"href":"https:\/\/buda-oriental-massage.hu\/en\/wp-json\/wp\/v2\/types\/page"}],"author":[{"embeddable":true,"href":"https:\/\/buda-oriental-massage.hu\/en\/wp-json\/wp\/v2\/users\/1"}],"replies":[{"embeddable":true,"href":"https:\/\/buda-oriental-massage.hu\/en\/wp-json\/wp\/v2\/comments?post=591"}],"version-history":[{"count":1,"href":"https:\/\/buda-oriental-massage.hu\/en\/wp-json\/wp\/v2\/pages\/591\/revisions"}],"predecessor-version":[{"id":594,"href":"https:\/\/buda-oriental-massage.hu\/en\/wp-json\/wp\/v2\/pages\/591\/revisions\/594"}],"wp:attachment":[{"href":"https:\/\/buda-oriental-massage.hu\/en\/wp-json\/wp\/v2\/media?parent=591"}],"curies":[{"name":"wp","href":"https:\/\/api.w.org\/{rel}","templated":true}]}}