{"id":459,"date":"2025-10-15T06:50:23","date_gmt":"2025-10-15T06:50:23","guid":{"rendered":"https:\/\/buda-oriental-massage.hu\/?page_id=459"},"modified":"2025-10-15T07:00:18","modified_gmt":"2025-10-15T07:00:18","slug":"faq","status":"publish","type":"page","link":"https:\/\/buda-oriental-massage.hu\/en\/gyik\/","title":{"rendered":"FAQ"},"content":{"rendered":"\t\t<div data-elementor-type=\"wp-page\" data-elementor-id=\"459\" class=\"elementor elementor-459\" data-elementor-post-type=\"page\">\n\t\t\t\t<div class=\"elementor-element elementor-element-4ab2c31 e-flex e-con-boxed e-con e-parent\" data-id=\"4ab2c31\" data-element_type=\"container\" data-e-type=\"container\">\n\t\t\t\t\t<div class=\"e-con-inner\">\n\t\t\t\t<div class=\"elementor-element elementor-element-e90c4ce elementor-widget elementor-widget-heading\" data-id=\"e90c4ce\" data-element_type=\"widget\" data-e-type=\"widget\" data-widget_type=\"heading.default\">\n\t\t\t\t\t<h2 class=\"elementor-heading-title elementor-size-default\">Gyakran ism\u00e9telt k\u00e9rd\u00e9sek a thai Massz\u00e1zzsal kapcsolatban<\/h2>\t\t\t\t<\/div>\n\t\t\t\t\t<\/div>\n\t\t\t\t<\/div>\n\t\t<div class=\"elementor-element elementor-element-8cd1825 e-flex e-con-boxed e-con e-parent\" data-id=\"8cd1825\" data-element_type=\"container\" data-e-type=\"container\">\n\t\t\t\t\t<div class=\"e-con-inner\">\n\t\t\t\t<div class=\"elementor-element elementor-element-19fad18f elementor-widget elementor-widget-toggle\" data-id=\"19fad18f\" data-element_type=\"widget\" data-e-type=\"widget\" data-widget_type=\"toggle.default\">\n\t\t\t\t\t\t\t<div class=\"elementor-toggle\">\n\t\t\t\t\t\t\t<div class=\"elementor-toggle-item\">\n\t\t\t\t\t<h5 id=\"elementor-tab-title-4351\" class=\"elementor-tab-title\" data-tab=\"1\" role=\"button\" aria-controls=\"elementor-tab-content-4351\" aria-expanded=\"false\">\n\t\t\t\t\t\t\t\t\t\t\t\t<span class=\"elementor-toggle-icon elementor-toggle-icon-right\" aria-hidden=\"true\">\n\t\t\t\t\t\t\t\t\t\t\t\t\t\t\t<span class=\"elementor-toggle-icon-closed\"><svg class=\"e-font-icon-svg e-fas-plus\" viewBox=\"0 0 448 512\" xmlns=\"http:\/\/www.w3.org\/2000\/svg\"><path d=\"M416 208H272V64c0-17.67-14.33-32-32-32h-32c-17.67 0-32 14.33-32 32v144H32c-17.67 0-32 14.33-32 32v32c0 17.67 14.33 32 32 32h144v144c0 17.67 14.33 32 32 32h32c17.67 0 32-14.33 32-32V304h144c17.67 0 32-14.33 32-32v-32c0-17.67-14.33-32-32-32z\"><\/path><\/svg><\/span>\n\t\t\t\t\t\t\t\t<span class=\"elementor-toggle-icon-opened\"><svg class=\"elementor-toggle-icon-opened e-font-icon-svg e-fas-minus\" viewBox=\"0 0 448 512\" xmlns=\"http:\/\/www.w3.org\/2000\/svg\"><path d=\"M416 208H32c-17.67 0-32 14.33-32 32v32c0 17.67 14.33 32 32 32h384c17.67 0 32-14.33 32-32v-32c0-17.67-14.33-32-32-32z\"><\/path><\/svg><\/span>\n\t\t\t\t\t\t\t\t\t\t\t\t\t<\/span>\n\t\t\t\t\t\t\t\t\t\t\t\t<a class=\"elementor-toggle-title\" tabindex=\"0\">F\u00e1jdalmas a thai massz\u00e1zs?<\/a>\n\t\t\t\t\t<\/h5>\n\n\t\t\t\t\t<div id=\"elementor-tab-content-4351\" class=\"elementor-tab-content elementor-clearfix\" data-tab=\"1\" role=\"region\" aria-labelledby=\"elementor-tab-title-4351\"><p>Ez egyed\u00fcl a vend\u00e9geink ig\u00e9nyeit\u0151l f\u00fcgg: szalonunkban Te d\u00f6nt\u00f6d el, hogy er\u0151sebb vagy gyeng\u00e9debb massz\u00e1zst szeretn\u00e9l k\u00e9rni massz\u0151reinkt\u0151l.<\/p><\/div>\n\t\t\t\t<\/div>\n\t\t\t\t\t\t\t<div class=\"elementor-toggle-item\">\n\t\t\t\t\t<h5 id=\"elementor-tab-title-4352\" class=\"elementor-tab-title\" data-tab=\"2\" role=\"button\" aria-controls=\"elementor-tab-content-4352\" aria-expanded=\"false\">\n\t\t\t\t\t\t\t\t\t\t\t\t<span class=\"elementor-toggle-icon elementor-toggle-icon-right\" aria-hidden=\"true\">\n\t\t\t\t\t\t\t\t\t\t\t\t\t\t\t<span class=\"elementor-toggle-icon-closed\"><svg class=\"e-font-icon-svg e-fas-plus\" viewBox=\"0 0 448 512\" xmlns=\"http:\/\/www.w3.org\/2000\/svg\"><path d=\"M416 208H272V64c0-17.67-14.33-32-32-32h-32c-17.67 0-32 14.33-32 32v144H32c-17.67 0-32 14.33-32 32v32c0 17.67 14.33 32 32 32h144v144c0 17.67 14.33 32 32 32h32c17.67 0 32-14.33 32-32V304h144c17.67 0 32-14.33 32-32v-32c0-17.67-14.33-32-32-32z\"><\/path><\/svg><\/span>\n\t\t\t\t\t\t\t\t<span class=\"elementor-toggle-icon-opened\"><svg class=\"elementor-toggle-icon-opened e-font-icon-svg e-fas-minus\" viewBox=\"0 0 448 512\" xmlns=\"http:\/\/www.w3.org\/2000\/svg\"><path d=\"M416 208H32c-17.67 0-32 14.33-32 32v32c0 17.67 14.33 32 32 32h384c17.67 0 32-14.33 32-32v-32c0-17.67-14.33-32-32-32z\"><\/path><\/svg><\/span>\n\t\t\t\t\t\t\t\t\t\t\t\t\t<\/span>\n\t\t\t\t\t\t\t\t\t\t\t\t<a class=\"elementor-toggle-title\" tabindex=\"0\">Ruh\u00e1ban t\u00f6rt\u00e9nik a massz\u00e1zs?<\/a>\n\t\t\t\t\t<\/h5>\n\n\t\t\t\t\t<div id=\"elementor-tab-content-4352\" class=\"elementor-tab-content elementor-clearfix\" data-tab=\"2\" role=\"region\" aria-labelledby=\"elementor-tab-title-4352\"><p>Sz\u00e1raz massz\u00e1zsaink eset\u00e9ben igen, melyhez a massz\u00e1zsruh\u00e1t mi biztos\u00edtjuk Neked. Az olajos massz\u00e1zsaink azonban ruha n\u00e9lk\u00fcl t\u00f6rt\u00e9nnek.<\/p><\/div>\n\t\t\t\t<\/div>\n\t\t\t\t\t\t\t<div class=\"elementor-toggle-item\">\n\t\t\t\t\t<h5 id=\"elementor-tab-title-4353\" class=\"elementor-tab-title\" data-tab=\"3\" role=\"button\" aria-controls=\"elementor-tab-content-4353\" aria-expanded=\"false\">\n\t\t\t\t\t\t\t\t\t\t\t\t<span class=\"elementor-toggle-icon elementor-toggle-icon-right\" aria-hidden=\"true\">\n\t\t\t\t\t\t\t\t\t\t\t\t\t\t\t<span class=\"elementor-toggle-icon-closed\"><svg class=\"e-font-icon-svg e-fas-plus\" viewBox=\"0 0 448 512\" xmlns=\"http:\/\/www.w3.org\/2000\/svg\"><path d=\"M416 208H272V64c0-17.67-14.33-32-32-32h-32c-17.67 0-32 14.33-32 32v144H32c-17.67 0-32 14.33-32 32v32c0 17.67 14.33 32 32 32h144v144c0 17.67 14.33 32 32 32h32c17.67 0 32-14.33 32-32V304h144c17.67 0 32-14.33 32-32v-32c0-17.67-14.33-32-32-32z\"><\/path><\/svg><\/span>\n\t\t\t\t\t\t\t\t<span class=\"elementor-toggle-icon-opened\"><svg class=\"elementor-toggle-icon-opened e-font-icon-svg e-fas-minus\" viewBox=\"0 0 448 512\" xmlns=\"http:\/\/www.w3.org\/2000\/svg\"><path d=\"M416 208H32c-17.67 0-32 14.33-32 32v32c0 17.67 14.33 32 32 32h384c17.67 0 32-14.33 32-32v-32c0-17.67-14.33-32-32-32z\"><\/path><\/svg><\/span>\n\t\t\t\t\t\t\t\t\t\t\t\t\t<\/span>\n\t\t\t\t\t\t\t\t\t\t\t\t<a class=\"elementor-toggle-title\" tabindex=\"0\">Hogyan k\u00e9sz\u00fcljek fel a thai massz\u00e1zsra?<\/a>\n\t\t\t\t\t<\/h5>\n\n\t\t\t\t\t<div id=\"elementor-tab-content-4353\" class=\"elementor-tab-content elementor-clearfix\" data-tab=\"3\" role=\"region\" aria-labelledby=\"elementor-tab-title-4353\"><p>Mindent biztos\u00edtunk sz\u00e1modra szalonunkban, amire sz\u00fcks\u00e9ged lehet. Az egyetlen, amivel k\u00e9sz\u00fclhetsz, hogy tiszt\u00e1n, teh\u00e1t egy zuhanyz\u00e1st k\u00f6vet\u0151en \u00e9rkezel hozz\u00e1nk.<\/p><\/div>\n\t\t\t\t<\/div>\n\t\t\t\t\t\t\t<div class=\"elementor-toggle-item\">\n\t\t\t\t\t<h5 id=\"elementor-tab-title-4354\" class=\"elementor-tab-title\" data-tab=\"4\" role=\"button\" aria-controls=\"elementor-tab-content-4354\" aria-expanded=\"false\">\n\t\t\t\t\t\t\t\t\t\t\t\t<span class=\"elementor-toggle-icon elementor-toggle-icon-right\" aria-hidden=\"true\">\n\t\t\t\t\t\t\t\t\t\t\t\t\t\t\t<span class=\"elementor-toggle-icon-closed\"><svg class=\"e-font-icon-svg e-fas-plus\" viewBox=\"0 0 448 512\" xmlns=\"http:\/\/www.w3.org\/2000\/svg\"><path d=\"M416 208H272V64c0-17.67-14.33-32-32-32h-32c-17.67 0-32 14.33-32 32v144H32c-17.67 0-32 14.33-32 32v32c0 17.67 14.33 32 32 32h144v144c0 17.67 14.33 32 32 32h32c17.67 0 32-14.33 32-32V304h144c17.67 0 32-14.33 32-32v-32c0-17.67-14.33-32-32-32z\"><\/path><\/svg><\/span>\n\t\t\t\t\t\t\t\t<span class=\"elementor-toggle-icon-opened\"><svg class=\"elementor-toggle-icon-opened e-font-icon-svg e-fas-minus\" viewBox=\"0 0 448 512\" xmlns=\"http:\/\/www.w3.org\/2000\/svg\"><path d=\"M416 208H32c-17.67 0-32 14.33-32 32v32c0 17.67 14.33 32 32 32h384c17.67 0 32-14.33 32-32v-32c0-17.67-14.33-32-32-32z\"><\/path><\/svg><\/span>\n\t\t\t\t\t\t\t\t\t\t\t\t\t<\/span>\n\t\t\t\t\t\t\t\t\t\t\t\t<a class=\"elementor-toggle-title\" tabindex=\"0\">Mit NE csin\u00e1ljak massz\u00e1zs el\u0151tt?<\/a>\n\t\t\t\t\t<\/h5>\n\n\t\t\t\t\t<div id=\"elementor-tab-content-4354\" class=\"elementor-tab-content elementor-clearfix\" data-tab=\"4\" role=\"region\" aria-labelledby=\"elementor-tab-title-4354\"><p>Fontos, hogy massz\u00e1zs el\u0151tt legal\u00e1bb 1 \u00f3r\u00e1val m\u00e1r ne fogyasszunk \u00e9telt, \u00e9s az alkoholfogyaszt\u00e1st is ker\u00fclj\u00fck, miel\u0151tt a szalonba \u00e9rkezn\u00e9nk.<\/p><\/div>\n\t\t\t\t<\/div>\n\t\t\t\t\t\t\t<div class=\"elementor-toggle-item\">\n\t\t\t\t\t<h5 id=\"elementor-tab-title-4355\" class=\"elementor-tab-title\" data-tab=\"5\" role=\"button\" aria-controls=\"elementor-tab-content-4355\" aria-expanded=\"false\">\n\t\t\t\t\t\t\t\t\t\t\t\t<span class=\"elementor-toggle-icon elementor-toggle-icon-right\" aria-hidden=\"true\">\n\t\t\t\t\t\t\t\t\t\t\t\t\t\t\t<span class=\"elementor-toggle-icon-closed\"><svg class=\"e-font-icon-svg e-fas-plus\" viewBox=\"0 0 448 512\" xmlns=\"http:\/\/www.w3.org\/2000\/svg\"><path d=\"M416 208H272V64c0-17.67-14.33-32-32-32h-32c-17.67 0-32 14.33-32 32v144H32c-17.67 0-32 14.33-32 32v32c0 17.67 14.33 32 32 32h144v144c0 17.67 14.33 32 32 32h32c17.67 0 32-14.33 32-32V304h144c17.67 0 32-14.33 32-32v-32c0-17.67-14.33-32-32-32z\"><\/path><\/svg><\/span>\n\t\t\t\t\t\t\t\t<span class=\"elementor-toggle-icon-opened\"><svg class=\"elementor-toggle-icon-opened e-font-icon-svg e-fas-minus\" viewBox=\"0 0 448 512\" xmlns=\"http:\/\/www.w3.org\/2000\/svg\"><path d=\"M416 208H32c-17.67 0-32 14.33-32 32v32c0 17.67 14.33 32 32 32h384c17.67 0 32-14.33 32-32v-32c0-17.67-14.33-32-32-32z\"><\/path><\/svg><\/span>\n\t\t\t\t\t\t\t\t\t\t\t\t\t<\/span>\n\t\t\t\t\t\t\t\t\t\t\t\t<a class=\"elementor-toggle-title\" tabindex=\"0\">Van p\u00e1ros massz\u00e1zs is?<\/a>\n\t\t\t\t\t<\/h5>\n\n\t\t\t\t\t<div id=\"elementor-tab-content-4355\" class=\"elementor-tab-content elementor-clearfix\" data-tab=\"5\" role=\"region\" aria-labelledby=\"elementor-tab-title-4355\"><p>Itt van lehet\u0151s\u00e9g p\u00e1ros massz\u00e1zsra, jobb \u00e1ron is!<\/p><\/div>\n\t\t\t\t<\/div>\n\t\t\t\t\t\t\t<div class=\"elementor-toggle-item\">\n\t\t\t\t\t<h5 id=\"elementor-tab-title-4356\" class=\"elementor-tab-title\" data-tab=\"6\" role=\"button\" aria-controls=\"elementor-tab-content-4356\" aria-expanded=\"false\">\n\t\t\t\t\t\t\t\t\t\t\t\t<span class=\"elementor-toggle-icon elementor-toggle-icon-right\" aria-hidden=\"true\">\n\t\t\t\t\t\t\t\t\t\t\t\t\t\t\t<span class=\"elementor-toggle-icon-closed\"><svg class=\"e-font-icon-svg e-fas-plus\" viewBox=\"0 0 448 512\" xmlns=\"http:\/\/www.w3.org\/2000\/svg\"><path d=\"M416 208H272V64c0-17.67-14.33-32-32-32h-32c-17.67 0-32 14.33-32 32v144H32c-17.67 0-32 14.33-32 32v32c0 17.67 14.33 32 32 32h144v144c0 17.67 14.33 32 32 32h32c17.67 0 32-14.33 32-32V304h144c17.67 0 32-14.33 32-32v-32c0-17.67-14.33-32-32-32z\"><\/path><\/svg><\/span>\n\t\t\t\t\t\t\t\t<span class=\"elementor-toggle-icon-opened\"><svg class=\"elementor-toggle-icon-opened e-font-icon-svg e-fas-minus\" viewBox=\"0 0 448 512\" xmlns=\"http:\/\/www.w3.org\/2000\/svg\"><path d=\"M416 208H32c-17.67 0-32 14.33-32 32v32c0 17.67 14.33 32 32 32h384c17.67 0 32-14.33 32-32v-32c0-17.67-14.33-32-32-32z\"><\/path><\/svg><\/span>\n\t\t\t\t\t\t\t\t\t\t\t\t\t<\/span>\n\t\t\t\t\t\t\t\t\t\t\t\t<a class=\"elementor-toggle-title\" tabindex=\"0\">Sz\u00e9p k\u00e1rtya elfogad\u00f3hely?<\/a>\n\t\t\t\t\t<\/h5>\n\n\t\t\t\t\t<div id=\"elementor-tab-content-4356\" class=\"elementor-tab-content elementor-clearfix\" data-tab=\"6\" role=\"region\" aria-labelledby=\"elementor-tab-title-4356\"><p>Szalonunkban fizethet\u0151 az ig\u00e9nybe vett szolg\u00e1ltat\u00e1s Sz\u00e9p-k\u00e1rty\u00e1val!<\/p><p>Els\u0151 k\u00f6rben csak az OTP \u00e1ltal kibocs\u00e1tottat tudjuk elfogadni!<\/p><p>SZ\u00c9P\u00fclj\u00f6n Thai Massz\u00e1zzsal! \ud83d\ude42<\/p><\/div>\n\t\t\t\t<\/div>\n\t\t\t\t\t\t\t\t\t\t<script type=\"application\/ld+json\">{\"@context\":\"https:\\\/\\\/schema.org\",\"@type\":\"FAQPage\",\"mainEntity\":[{\"@type\":\"Question\",\"name\":\"F\\u00e1jdalmas a thai massz\\u00e1zs?\",\"acceptedAnswer\":{\"@type\":\"Answer\",\"text\":\"<p>Ez egyed\\u00fcl a vend\\u00e9geink ig\\u00e9nyeit\\u0151l f\\u00fcgg: szalonunkban Te d\\u00f6nt\\u00f6d el, hogy er\\u0151sebb vagy gyeng\\u00e9debb massz\\u00e1zst szeretn\\u00e9l k\\u00e9rni massz\\u0151reinkt\\u0151l.<\\\/p>\"}},{\"@type\":\"Question\",\"name\":\"Ruh\\u00e1ban t\\u00f6rt\\u00e9nik a massz\\u00e1zs?\",\"acceptedAnswer\":{\"@type\":\"Answer\",\"text\":\"<p>Sz\\u00e1raz massz\\u00e1zsaink eset\\u00e9ben igen, melyhez a massz\\u00e1zsruh\\u00e1t mi biztos\\u00edtjuk Neked. Az olajos massz\\u00e1zsaink azonban ruha n\\u00e9lk\\u00fcl t\\u00f6rt\\u00e9nnek.<\\\/p>\"}},{\"@type\":\"Question\",\"name\":\"Hogyan k\\u00e9sz\\u00fcljek fel a thai massz\\u00e1zsra?\",\"acceptedAnswer\":{\"@type\":\"Answer\",\"text\":\"<p>Mindent biztos\\u00edtunk sz\\u00e1modra szalonunkban, amire sz\\u00fcks\\u00e9ged lehet. Az egyetlen, amivel k\\u00e9sz\\u00fclhetsz, hogy tiszt\\u00e1n, teh\\u00e1t egy zuhanyz\\u00e1st k\\u00f6vet\\u0151en \\u00e9rkezel hozz\\u00e1nk.<\\\/p>\"}},{\"@type\":\"Question\",\"name\":\"Mit NE csin\\u00e1ljak massz\\u00e1zs el\\u0151tt?\",\"acceptedAnswer\":{\"@type\":\"Answer\",\"text\":\"<p>Fontos, hogy massz\\u00e1zs el\\u0151tt legal\\u00e1bb 1 \\u00f3r\\u00e1val m\\u00e1r ne fogyasszunk \\u00e9telt, \\u00e9s az alkoholfogyaszt\\u00e1st is ker\\u00fclj\\u00fck, miel\\u0151tt a szalonba \\u00e9rkezn\\u00e9nk.<\\\/p>\"}},{\"@type\":\"Question\",\"name\":\"Van p\\u00e1ros massz\\u00e1zs is?\",\"acceptedAnswer\":{\"@type\":\"Answer\",\"text\":\"<p>Itt van lehet\\u0151s\\u00e9g p\\u00e1ros massz\\u00e1zsra, jobb \\u00e1ron is!<\\\/p>\"}},{\"@type\":\"Question\",\"name\":\"Sz\\u00e9p k\\u00e1rtya elfogad\\u00f3hely?\",\"acceptedAnswer\":{\"@type\":\"Answer\",\"text\":\"<p>Szalonunkban fizethet\\u0151 az ig\\u00e9nybe vett szolg\\u00e1ltat\\u00e1s Sz\\u00e9p-k\\u00e1rty\\u00e1val!<\\\/p><p>Els\\u0151 k\\u00f6rben csak az OTP \\u00e1ltal kibocs\\u00e1tottat tudjuk elfogadni!<\\\/p><p>SZ\\u00c9P\\u00fclj\\u00f6n Thai Massz\\u00e1zzsal! :)<\\\/p>\"}}]}<\/script>\n\t\t\t\t\t<\/div>\n\t\t\t\t\t\t<\/div>\n\t\t\t\t\t<\/div>\n\t\t\t\t<\/div>\n\t\t\t\t<\/div>\n\t\t","protected":false},"excerpt":{"rendered":"<p>Gyakran ism\u00e9telt k\u00e9rd\u00e9sek a thai Massz\u00e1zzsal kapcsolatban F\u00e1jdalmas a thai massz\u00e1zs? Ez egyed\u00fcl a vend\u00e9geink ig\u00e9nyeit\u0151l f\u00fcgg: szalonunkban Te d\u00f6nt\u00f6d el, hogy er\u0151sebb vagy gyeng\u00e9debb massz\u00e1zst szeretn\u00e9l k\u00e9rni massz\u0151reinkt\u0151l. Ruh\u00e1ban t\u00f6rt\u00e9nik a massz\u00e1zs? Sz\u00e1raz massz\u00e1zsaink eset\u00e9ben igen, melyhez a massz\u00e1zsruh\u00e1t mi biztos\u00edtjuk Neked. Az olajos massz\u00e1zsaink azonban ruha n\u00e9lk\u00fcl t\u00f6rt\u00e9nnek. Hogyan k\u00e9sz\u00fcljek fel a thai [&hellip;]<\/p>\n","protected":false},"author":1,"featured_media":0,"parent":0,"menu_order":0,"comment_status":"closed","ping_status":"closed","template":"","meta":{"_acf_changed":false,"_seopress_robots_primary_cat":"","_seopress_titles_title":"","_seopress_titles_desc":"","_seopress_robots_index":"","footnotes":""},"class_list":["post-459","page","type-page","status-publish","hentry"],"acf":[],"_links":{"self":[{"href":"https:\/\/buda-oriental-massage.hu\/en\/wp-json\/wp\/v2\/pages\/459","targetHints":{"allow":["GET"]}}],"collection":[{"href":"https:\/\/buda-oriental-massage.hu\/en\/wp-json\/wp\/v2\/pages"}],"about":[{"href":"https:\/\/buda-oriental-massage.hu\/en\/wp-json\/wp\/v2\/types\/page"}],"author":[{"embeddable":true,"href":"https:\/\/buda-oriental-massage.hu\/en\/wp-json\/wp\/v2\/users\/1"}],"replies":[{"embeddable":true,"href":"https:\/\/buda-oriental-massage.hu\/en\/wp-json\/wp\/v2\/comments?post=459"}],"version-history":[{"count":10,"href":"https:\/\/buda-oriental-massage.hu\/en\/wp-json\/wp\/v2\/pages\/459\/revisions"}],"predecessor-version":[{"id":474,"href":"https:\/\/buda-oriental-massage.hu\/en\/wp-json\/wp\/v2\/pages\/459\/revisions\/474"}],"wp:attachment":[{"href":"https:\/\/buda-oriental-massage.hu\/en\/wp-json\/wp\/v2\/media?parent=459"}],"curies":[{"name":"wp","href":"https:\/\/api.w.org\/{rel}","templated":true}]}}