{"id":176,"date":"2025-10-06T07:21:23","date_gmt":"2025-10-06T07:21:23","guid":{"rendered":"https:\/\/buda-oriental-massage.hu\/?page_id=176"},"modified":"2026-04-07T09:17:07","modified_gmt":"2026-04-07T07:17:07","slug":"massage-prices","status":"publish","type":"page","link":"https:\/\/buda-oriental-massage.hu\/en\/masszazs-arak\/","title":{"rendered":"Massage Prices"},"content":{"rendered":"<div data-elementor-type=\"wp-page\" data-elementor-id=\"176\" class=\"elementor elementor-176\" data-elementor-post-type=\"page\">\n\t\t\t\t<div class=\"elementor-element elementor-element-1ebedff e-con-full e-flex e-con e-parent\" data-id=\"1ebedff\" data-element_type=\"container\" data-e-type=\"container\">\n\t\t\t\t<div class=\"elementor-element elementor-element-2ba6178 elementor-widget elementor-widget-text-editor\" data-id=\"2ba6178\" data-element_type=\"widget\" data-e-type=\"widget\" data-widget_type=\"text-editor.default\">\n\t\t\t\t\t\t\t\t\t<p>Buda Oriental massages are based on traditional Eastern techniques that promote balance between body and mind. Prices vary depending on the type and duration of the treatment, with each session tailored to your individual needs.<\/p>\t\t\t\t\t\t\t\t<\/div>\n\t\t\t\t<\/div>\n\t\t<div class=\"elementor-element elementor-element-0bcb9ce tabla-div e-flex e-con-boxed e-con e-parent\" data-id=\"0bcb9ce\" data-element_type=\"container\" data-e-type=\"container\">\n\t\t\t\t\t<div class=\"e-con-inner\">\n\t\t\t\t<div class=\"elementor-element elementor-element-6f781dc elementor-widget elementor-widget-text-editor\" data-id=\"6f781dc\" data-element_type=\"widget\" data-e-type=\"widget\" data-widget_type=\"text-editor.default\">\n\t\t\t\t\t\t\t\t\t&nbsp;\n<table width=\"100%\">\n<tbody>\n<tr>\n<td><\/td>\n<th>30 minutes<\/th>\n<th>45 minutes<\/th>\n<th>60 minutes<\/th>\n<th>90 minutes<\/th>\n<\/tr>\n<tr>\n<td><a href=\"https:\/\/buda-oriental-massage.hu\/en\/szolgaltatas\/traditional-hilot-massage\/\" target=\"_blank\" rel=\"noopener\">Traditional Hilot Massage<\/a><\/td>\n<td>&#8211;<\/td>\n<td>9.500 Ft<\/td>\n<td>12.500 Ft<\/td>\n<td>16.500 Ft<\/td>\n<\/tr>\n<tr>\n<td><a href=\"https:\/\/buda-oriental-massage.hu\/en\/szolgaltatas\/traditional-thai-massage\/\" target=\"_blank\" rel=\"noopener\">Traditional Thai Massage<\/a><\/td>\n<td>&#8211;<\/td>\n<td>8.500 Ft<\/td>\n<td>11.500 Ft<\/td>\n<td>15.500 Ft<\/td>\n<\/tr>\n<tr>\n<td><a href=\"https:\/\/buda-oriental-massage.hu\/en\/szolgaltatas\/swedish-massage\/\" target=\"_blank\" rel=\"noopener\">Swedish Massage<\/a><\/td>\n<td>&#8211;<\/td>\n<td>8.000 Ft<\/td>\n<td>10.500 Ft<\/td>\n<td>14.000 Ft<\/td>\n<\/tr>\n<tr>\n<td><a href=\"https:\/\/buda-oriental-massage.hu\/en\/szolgaltatas\/hot-stone-massage\/\" target=\"_blank\" rel=\"noopener\">Hot Stone Massage<\/a><\/td>\n<td>&#8211;<\/td>\n<td>9.500Ft<\/td>\n<td>13.000 Ft<\/td>\n<td>17.000 Ft<\/td>\n<\/tr>\n<tr>\n<td><a href=\"https:\/\/buda-oriental-massage.hu\/en\/szolgaltatas\/foot-massage\/\" target=\"_blank\" rel=\"noopener\">Foot Massage<\/a><\/td>\n<td>5.500 Ft<\/td>\n<td>7.500 Ft<\/td>\n<td>9.500 Ft<\/td>\n<td>&#8211;<\/td>\n<\/tr>\n<tr>\n<td><a href=\"https:\/\/buda-oriental-massage.hu\/en\/szolgaltatas\/back-massage\/\" target=\"_blank\" rel=\"noopener\">Back Massage<\/a><\/td>\n<td>&#8211;<\/td>\n<td>7.500 Ft<\/td>\n<td>9.500 Ft<\/td>\n<td>13.500 Ft<\/td>\n<\/tr>\n<tr>\n<td><a href=\"https:\/\/buda-oriental-massage.hu\/en\/szolgaltatas\/deep-tissue-massage\/\" target=\"_blank\" rel=\"noopener\">Deep Tissue Massage<\/a><\/td>\n<td>&#8211;<\/td>\n<td>9.000 Ft<\/td>\n<td>12.000 Ft<\/td>\n<td>16.000 Ft<\/td>\n<\/tr>\n<tr>\n<td><a href=\"https:\/\/buda-oriental-massage.hu\/en\/szolgaltatas\/shiatsu-massage\/\" target=\"_blank\" rel=\"noopener\">Shiatsu Massage<\/a><\/td>\n<td>&#8211;<\/td>\n<td>8.500 Ft<\/td>\n<td>11.500 Ft<\/td>\n<td>15.500 Ft<\/td>\n<\/tr>\n<tr>\n<td><a href=\"https:\/\/buda-oriental-massage.hu\/en\/szolgaltatas\/ventosa-massage-kinesio-cupping\/\" target=\"_blank\" rel=\"noopener\">Ventosa Massage \/ Cupping<\/a><\/td>\n<td>&#8211;<\/td>\n<td>9.000 Ft<\/td>\n<td>12.000 Ft<\/td>\n<td>16.000 Ft<\/td>\n<\/tr>\n<tr>\n<td><a href=\"https:\/\/buda-oriental-massage.hu\/en\/szolgaltatas\/aromatherapy-massage\/\" target=\"_blank\" rel=\"noopener\">Aromatherapy Massage<\/a><\/td>\n<td>&#8211;<\/td>\n<td>8.500 Ft<\/td>\n<td>11.500 Ft<\/td>\n<td>15.500 Ft<\/td>\n<\/tr>\n<tr>\n<td><a href=\"https:\/\/buda-oriental-massage.hu\/en\/szolgaltatas\/couples-massage\/\">Couples Hilot Massage<\/a><\/td>\n<td>&#8211;<\/td>\n<td>&#8211;<\/td>\n<td>24.000 Ft<\/td>\n<td>32.000 Ft<\/td>\n<\/tr>\n<tr>\n<td><a href=\"https:\/\/buda-oriental-massage.hu\/en\/szolgaltatas\/couples-massage\/\">Couples Aromatherapy Massage<\/a><\/td>\n<td>&#8211;<\/td>\n<td>&#8211;<\/td>\n<td>22.000 Ft<\/td>\n<td>30.000 Ft<\/td>\n<\/tr>\n<tr>\n<td><a href=\"https:\/\/buda-oriental-massage.hu\/en\/szolgaltatas\/facial-massage\/\">Facial Massage<\/a><\/td>\n<td>7.000 Ft<\/td>\n<td>8.000 Ft<\/td>\n<td>10.500 Ft<\/td>\n<td>&#8211;<\/td>\n<\/tr>\n<tr>\n<td><a href=\"https:\/\/buda-oriental-massage.hu\/en\/szolgaltatas\/head-massage\/\">Head Massage<\/a><\/td>\n<td>6.000 Ft<\/td>\n<td>7.000 Ft<\/td>\n<td>8.500 Ft<\/td>\n<td>&#8211;<\/td>\n<\/tr>\n<tr>\n<td><a href=\"https:\/\/buda-oriental-massage.hu\/en\/szolgaltatas\/head-neck-shoulders-hand-massage\/\">Head+Neck+Shoulder+Hand Massage<\/a><\/td>\n<td>7.000 Ft<\/td>\n<td>8.000 Ft<\/td>\n<td>9.500 Ft<\/td>\n<td>&#8211;<\/td>\n<\/tr>\n<tr>\n<td><a href=\"https:\/\/buda-oriental-massage.hu\/en\/szolgaltatas\/ear-candling\/\">Ear Candling Treatment<\/a><\/td>\n<td>7.000 Ft<\/td>\n<td>&#8211;<\/td>\n<td>&#8211;<\/td>\n<td>&#8211;<\/td>\n<\/tr>\n<tr>\n<td><a href=\"https:\/\/buda-oriental-massage.hu\/en\/szolgaltatas\/ear-candling\/\">Head+Neck+Shoulder+Hand Massage + Ear Candling<\/a><\/td>\n<td>&#8211;<\/td>\n<td>12.000 Ft<\/td>\n<td>15.000 Ft<\/td>\n<td>&#8211;<\/td>\n<\/tr>\n<tr>\n<td><a href=\"https:\/\/buda-oriental-massage.hu\/en\/szolgaltatas\/ear-candling\/\">Head massage + Ear Candling<\/a><\/td>\n<td>&#8211;<\/td>\n<td>10.000 Ft<\/td>\n<td>13.500 Ft<\/td>\n<td>&#8211;<\/td>\n<\/tr>\n<\/tbody>\n<\/table>\t\t\t\t\t\t\t\t<\/div>\n\t\t\t\t\t<\/div>\n\t\t\t\t<\/div>\n\t\t<div class=\"elementor-element elementor-element-c74fb81 e-flex e-con-boxed e-con e-parent\" data-id=\"c74fb81\" data-element_type=\"container\" data-e-type=\"container\">\n\t\t\t\t\t<div class=\"e-con-inner\">\n\t\t\t\t<div class=\"elementor-element elementor-element-079045c elementor-align-center elementor-widget elementor-widget-button\" data-id=\"079045c\" data-element_type=\"widget\" data-e-type=\"widget\" data-widget_type=\"button.default\">\n\t\t\t\t\t\t\t\t\t\t<a class=\"elementor-button elementor-button-link elementor-size-sm\" href=\"https:\/\/buda-oriental-massage.hu\/en\/book-an-appointment\/\">\n\t\t\t\t\t\t<span class=\"elementor-button-content-wrapper\">\n\t\t\t\t\t\t\t\t\t<span class=\"elementor-button-text\">Book an Appointment<\/span>\n\t\t\t\t\t<\/span>\n\t\t\t\t\t<\/a>\n\t\t\t\t\t\t\t\t<\/div>\n\t\t\t\t\t<\/div>\n\t\t\t\t<\/div>\n\t\t\t\t<\/div>","protected":false},"excerpt":{"rendered":"<p>A Buda Oriental massz\u00e1zsai tradicion\u00e1lis keleti technik\u00e1kon alapulnak, melyek a test \u00e9s az elme egyens\u00faly\u00e1t szolg\u00e1lj\u00e1k. Az \u00e1rak, a keleti massz\u00e1zs t\u00edpus\u00e1t\u00f3l \u00e9s id\u0151tartam\u00e1t\u00f3l f\u00fcggnek, minden kezel\u00e9s szem\u00e9lyre szabott figyelemmel t\u00f6rt\u00e9nik. &nbsp; 30 perc 45 perc 60 perc 90 perc Tradicion\u00e1lis Hilot Massz\u00e1zs &#8211; 9.500 Ft 12.500 Ft 16.500 Ft Tradicion\u00e1lis Thai Massz\u00e1zs &#8211; 8.500 [&hellip;]<\/p>\n","protected":false},"author":1,"featured_media":0,"parent":0,"menu_order":0,"comment_status":"closed","ping_status":"closed","template":"","meta":{"_acf_changed":false,"_seopress_robots_primary_cat":"","_seopress_titles_title":"Keleti massz\u00e1zs \u00e1rak Budapesten \u2013 Buda Oriental Massage","_seopress_titles_desc":"Keleti massz\u00e1zs \u00e1rak (thai, hilot, shiatsu) egy helyen, a Buda Oriental Massage \u00e1ttekinthet\u0151 \u00e1rlista t\u00e1bl\u00e1zat\u00e1ban.","_seopress_robots_index":"","footnotes":""},"class_list":["post-176","page","type-page","status-publish","hentry"],"acf":[],"_links":{"self":[{"href":"https:\/\/buda-oriental-massage.hu\/en\/wp-json\/wp\/v2\/pages\/176","targetHints":{"allow":["GET"]}}],"collection":[{"href":"https:\/\/buda-oriental-massage.hu\/en\/wp-json\/wp\/v2\/pages"}],"about":[{"href":"https:\/\/buda-oriental-massage.hu\/en\/wp-json\/wp\/v2\/types\/page"}],"author":[{"embeddable":true,"href":"https:\/\/buda-oriental-massage.hu\/en\/wp-json\/wp\/v2\/users\/1"}],"replies":[{"embeddable":true,"href":"https:\/\/buda-oriental-massage.hu\/en\/wp-json\/wp\/v2\/comments?post=176"}],"version-history":[{"count":32,"href":"https:\/\/buda-oriental-massage.hu\/en\/wp-json\/wp\/v2\/pages\/176\/revisions"}],"predecessor-version":[{"id":938,"href":"https:\/\/buda-oriental-massage.hu\/en\/wp-json\/wp\/v2\/pages\/176\/revisions\/938"}],"wp:attachment":[{"href":"https:\/\/buda-oriental-massage.hu\/en\/wp-json\/wp\/v2\/media?parent=176"}],"curies":[{"name":"wp","href":"https:\/\/api.w.org\/{rel}","templated":true}]}}